{"id":18,"date":"2023-09-14T14:41:11","date_gmt":"2023-09-14T12:41:11","guid":{"rendered":"https:\/\/www.ote.de\/?page_id=18"},"modified":"2026-03-28T15:01:19","modified_gmt":"2026-03-28T14:01:19","slug":"impressum","status":"publish","type":"page","link":"https:\/\/www.ote.de\/de\/impressum\/","title":{"rendered":"Impressum"},"content":{"rendered":"\t\t<div data-elementor-type=\"wp-page\" data-elementor-id=\"18\" class=\"elementor elementor-18\" data-elementor-post-type=\"page\">\n\t\t\t\t<div class=\"elementor-element elementor-element-66fe5fe1 e-con-full section hero-basisseite e-flex wpr-particle-no wpr-jarallax-no wpr-parallax-no wpr-sticky-section-no wpr-equal-height-no e-con e-parent\" data-id=\"66fe5fe1\" data-element_type=\"container\" data-e-type=\"container\">\n\t\t<div class=\"elementor-element elementor-element-943ccfd e-con-full e-flex wpr-particle-no wpr-jarallax-no wpr-parallax-no wpr-sticky-section-no wpr-equal-height-no e-con e-child\" data-id=\"943ccfd\" data-element_type=\"container\" data-e-type=\"container\">\n\t\t<div class=\"elementor-element elementor-element-16328b5a e-grid e-con-full wpr-particle-no wpr-jarallax-no wpr-parallax-no wpr-sticky-section-no wpr-equal-height-no e-con e-child\" data-id=\"16328b5a\" data-element_type=\"container\" data-e-type=\"container\">\n\t\t<div class=\"elementor-element elementor-element-97bc7b8 e-con-full blur-box e-flex wpr-particle-no wpr-jarallax-no wpr-parallax-no wpr-sticky-section-no wpr-equal-height-no e-con e-child\" data-id=\"97bc7b8\" data-element_type=\"container\" data-e-type=\"container\">\n\t\t\t\t<div class=\"elementor-element elementor-element-2c1d0c97 elementor-widget elementor-widget-heading\" data-id=\"2c1d0c97\" data-element_type=\"widget\" data-e-type=\"widget\" data-widget_type=\"heading.default\">\n\t\t\t\t<div class=\"elementor-widget-container\">\n\t\t\t\t\t<h1 class=\"elementor-heading-title elementor-size-default\"><em>Impressum<\/em><\/h1>\t\t\t\t<\/div>\n\t\t\t\t<\/div>\n\t\t\t\t<\/div>\n\t\t\t\t<\/div>\n\t\t\t\t<\/div>\n\t\t\t\t<\/div>\n\t\t<div class=\"elementor-element elementor-element-6602b57 section e-flex e-con-boxed wpr-particle-no wpr-jarallax-no wpr-parallax-no wpr-sticky-section-no wpr-equal-height-no e-con e-parent\" data-id=\"6602b57\" data-element_type=\"container\" data-e-type=\"container\">\n\t\t\t\t\t<div class=\"e-con-inner\">\n\t\t<div class=\"elementor-element elementor-element-3c33067d e-con-full container e-flex wpr-particle-no wpr-jarallax-no wpr-parallax-no wpr-sticky-section-no wpr-equal-height-no e-con e-child\" data-id=\"3c33067d\" data-element_type=\"container\" data-e-type=\"container\">\n\t\t\t\t<div class=\"elementor-element elementor-element-5924b129 only-text elementor-widget elementor-widget-text-editor\" data-id=\"5924b129\" data-element_type=\"widget\" data-e-type=\"widget\" data-widget_type=\"text-editor.default\">\n\t\t\t\t<div class=\"elementor-widget-container\">\n\t\t\t\t\t\t\t\t\t<h3>Angaben gem. \u00a7 5 TMG \u200b<\/h3><p>Betreiber und Kontakt: <br \/>OTE GmbH <br \/>Fritz-Reichle-Ring 16\/1 <br \/>78315 Radolfzell \u200b<\/p><p>Telefon: +49 7732 30277-10 <br \/>Fax: +49 7732 30277-20<\/p><p>E-Mail: info(at)ote.de<\/p><p>Niederlassung:\u00a0<br \/>OTE GmbH<br \/>Alter G\u00f6bricher Weg 49a<br \/>75177 Pforzheim<\/p><p>Telefon: +49 7231 4299500\u00a0<\/p><p>OTE GmbH wird vertreten durch Gesch\u00e4ftsf\u00fchrer: Alexander Lauermann <br \/>Register und Registernummer: Freiburg HRB 704455 <br \/>Umsatzsteuer-ID: DE268498080 \u200b<\/p><p>Ver\u00f6ffentlichung der Kontaktdaten des Datenschutzbeauftragten nach Art. 37 Abs. 7 EU-DSGVO <br \/>Externer Datenschutzbeauftragter gem\u00e4\u00df Art. 37 EU-DSGVO \/ \u00a7 38 BDSG-neu: <br \/>Herr Michael Heitele \u2013 DDSK GmbH <br \/>Tel. +49 7542 \/ 949 21 03, datenschutz@ote.de <br \/>Publication of the contact details of the data protection officer according to Art. 37 para. 7 GDPR <br \/>External data protection officer: Mr. Michael Heitele \u2013 DDSK GmbH <br \/>Phone. +49 7542 \/ 949 21 03, E-Mail: datenschutz@ote.de<\/p><p>Fotos\/Icons\/Grafikelemente: Shutterstock, Creativemarket, Microsoft, OTE GmbH<\/p>\t\t\t\t\t\t\t\t<\/div>\n\t\t\t\t<\/div>\n\t\t\t\t<\/div>\n\t\t\t\t\t<\/div>\n\t\t\t\t<\/div>\n\t\t\t\t<\/div>\n\t\t","protected":false},"excerpt":{"rendered":"<p>Impressum Angaben gem. \u00a7 5 TMG \u200b Betreiber und Kontakt: OTE GmbH Fritz-Reichle-Ring 16\/1 78315 Radolfzell \u200b Telefon: +49 7732 30277-10 Fax: +49 7732 30277-20 E-Mail: info(at)ote.de Niederlassung: OTE GmbH Alter G\u00f6bricher Weg 49a 75177 Pforzheim Telefon: +49 7231 4299500 OTE GmbH wird vertreten durch Gesch\u00e4ftsf\u00fchrer: Alexander Lauermann Register und Registernummer: Freiburg HRB 704455 Umsatzsteuer-ID: DE268498080 \u200b Ver\u00f6ffentlichung der Kontaktdaten des Datenschutzbeauftragten nach Art. 37 Abs. 7 EU-DSGVO Externer Datenschutzbeauftragter gem\u00e4\u00df Art. 37 EU-DSGVO \/ \u00a7 38 BDSG-neu: Herr Michael Heitele \u2013 DDSK GmbH Tel. +49 7542 \/ 949 21 03, datenschutz@ote.de Publication of the contact details of the data protection officer according to Art. 37 para. 7 GDPR External data protection officer: Mr. Michael Heitele \u2013 DDSK GmbH Phone. +49 7542 \/ 949 21 03, E-Mail: datenschutz@ote.de Fotos\/Icons\/Grafikelemente: Shutterstock, Creativemarket, Microsoft, OTE GmbH<\/p>\n","protected":false},"author":1,"featured_media":0,"parent":0,"menu_order":0,"comment_status":"closed","ping_status":"closed","template":"","meta":{"_kad_post_transparent":"default","_kad_post_title":"default","_kad_post_layout":"default","_kad_post_sidebar_id":"","_kad_post_content_style":"default","_kad_post_vertical_padding":"default","_kad_post_feature":"","_kad_post_feature_position":"","_kad_post_header":false,"_kad_post_footer":false,"footnotes":""},"class_list":["post-18","page","type-page","status-publish","hentry"],"yoast_head":"<!-- This site is optimized with the Yoast SEO plugin v27.4 - https:\/\/yoast.com\/product\/yoast-seo-wordpress\/ -->\n<title>Impressum OTE GmbH - Kontakt &amp; rechtliche Angaben | OTE<\/title>\n<meta name=\"description\" content=\"Impressum der OTE GmbH mit allen rechtlichen Angaben, Kontaktdaten und Unternehmensinformationen.\" \/>\n<meta name=\"robots\" content=\"index, follow, max-snippet:-1, max-image-preview:large, max-video-preview:-1\" \/>\n<link rel=\"canonical\" href=\"https:\/\/www.ote.de\/de\/impressum\/\" \/>\n<meta property=\"og:locale\" content=\"de_DE\" \/>\n<meta property=\"og:type\" content=\"article\" \/>\n<meta property=\"og:title\" content=\"Impressum OTE GmbH - Kontakt &amp; rechtliche Angaben | OTE\" \/>\n<meta property=\"og:description\" content=\"Impressum der OTE GmbH mit allen rechtlichen Angaben, Kontaktdaten und Unternehmensinformationen.\" \/>\n<meta property=\"og:url\" content=\"https:\/\/www.ote.de\/de\/impressum\/\" \/>\n<meta property=\"og:site_name\" content=\"OTE\" \/>\n<meta property=\"article:modified_time\" content=\"2026-03-28T14:01:19+00:00\" \/>\n<meta name=\"twitter:card\" content=\"summary_large_image\" \/>\n<meta name=\"twitter:label1\" content=\"Gesch\u00e4tzte Lesezeit\" \/>\n\t<meta name=\"twitter:data1\" content=\"1\u00a0Minute\" \/>\n<script type=\"application\/ld+json\" class=\"yoast-schema-graph\">{\"@context\":\"https:\\\/\\\/schema.org\",\"@graph\":[{\"@type\":\"WebPage\",\"@id\":\"https:\\\/\\\/www.ote.de\\\/de\\\/impressum\\\/\",\"url\":\"https:\\\/\\\/www.ote.de\\\/de\\\/impressum\\\/\",\"name\":\"Impressum OTE GmbH - Kontakt & rechtliche Angaben | OTE\",\"isPartOf\":{\"@id\":\"https:\\\/\\\/www.ote.de\\\/de\\\/#website\"},\"datePublished\":\"2023-09-14T12:41:11+00:00\",\"dateModified\":\"2026-03-28T14:01:19+00:00\",\"description\":\"Impressum der OTE GmbH mit allen rechtlichen Angaben, Kontaktdaten und Unternehmensinformationen.\",\"breadcrumb\":{\"@id\":\"https:\\\/\\\/www.ote.de\\\/de\\\/impressum\\\/#breadcrumb\"},\"inLanguage\":\"de\",\"potentialAction\":[{\"@type\":\"ReadAction\",\"target\":[\"https:\\\/\\\/www.ote.de\\\/de\\\/impressum\\\/\"]}]},{\"@type\":\"BreadcrumbList\",\"@id\":\"https:\\\/\\\/www.ote.de\\\/de\\\/impressum\\\/#breadcrumb\",\"itemListElement\":[{\"@type\":\"ListItem\",\"position\":1,\"name\":\"Startseite\",\"item\":\"https:\\\/\\\/www.ote.de\\\/de\\\/\"},{\"@type\":\"ListItem\",\"position\":2,\"name\":\"Impressum\"}]},{\"@type\":\"WebSite\",\"@id\":\"https:\\\/\\\/www.ote.de\\\/de\\\/#website\",\"url\":\"https:\\\/\\\/www.ote.de\\\/de\\\/\",\"name\":\"OTE\",\"description\":\"\",\"publisher\":{\"@id\":\"https:\\\/\\\/www.ote.de\\\/de\\\/#organization\"},\"potentialAction\":[{\"@type\":\"SearchAction\",\"target\":{\"@type\":\"EntryPoint\",\"urlTemplate\":\"https:\\\/\\\/www.ote.de\\\/de\\\/?s={search_term_string}\"},\"query-input\":{\"@type\":\"PropertyValueSpecification\",\"valueRequired\":true,\"valueName\":\"search_term_string\"}}],\"inLanguage\":\"de\"},{\"@type\":\"Organization\",\"@id\":\"https:\\\/\\\/www.ote.de\\\/de\\\/#organization\",\"name\":\"OTE\",\"url\":\"https:\\\/\\\/www.ote.de\\\/de\\\/\",\"logo\":{\"@type\":\"ImageObject\",\"inLanguage\":\"de\",\"@id\":\"https:\\\/\\\/www.ote.de\\\/de\\\/#\\\/schema\\\/logo\\\/image\\\/\",\"url\":\"https:\\\/\\\/www.ote.de\\\/wp-content\\\/uploads\\\/2025\\\/08\\\/Logo-1.svg\",\"contentUrl\":\"https:\\\/\\\/www.ote.de\\\/wp-content\\\/uploads\\\/2025\\\/08\\\/Logo-1.svg\",\"width\":2086,\"height\":595,\"caption\":\"OTE\"},\"image\":{\"@id\":\"https:\\\/\\\/www.ote.de\\\/de\\\/#\\\/schema\\\/logo\\\/image\\\/\"}}]}<\/script>\n<!-- \/ Yoast SEO plugin. -->","yoast_head_json":{"title":"Impressum OTE GmbH - Kontakt & rechtliche Angaben | OTE","description":"Impressum der OTE GmbH mit allen rechtlichen Angaben, Kontaktdaten und Unternehmensinformationen.","robots":{"index":"index","follow":"follow","max-snippet":"max-snippet:-1","max-image-preview":"max-image-preview:large","max-video-preview":"max-video-preview:-1"},"canonical":"https:\/\/www.ote.de\/de\/impressum\/","og_locale":"de_DE","og_type":"article","og_title":"Impressum OTE GmbH - Kontakt & rechtliche Angaben | OTE","og_description":"Impressum der OTE GmbH mit allen rechtlichen Angaben, Kontaktdaten und Unternehmensinformationen.","og_url":"https:\/\/www.ote.de\/de\/impressum\/","og_site_name":"OTE","article_modified_time":"2026-03-28T14:01:19+00:00","twitter_card":"summary_large_image","twitter_misc":{"Gesch\u00e4tzte Lesezeit":"1\u00a0Minute"},"schema":{"@context":"https:\/\/schema.org","@graph":[{"@type":"WebPage","@id":"https:\/\/www.ote.de\/de\/impressum\/","url":"https:\/\/www.ote.de\/de\/impressum\/","name":"Impressum OTE GmbH - Kontakt & rechtliche Angaben | OTE","isPartOf":{"@id":"https:\/\/www.ote.de\/de\/#website"},"datePublished":"2023-09-14T12:41:11+00:00","dateModified":"2026-03-28T14:01:19+00:00","description":"Impressum der OTE GmbH mit allen rechtlichen Angaben, Kontaktdaten und Unternehmensinformationen.","breadcrumb":{"@id":"https:\/\/www.ote.de\/de\/impressum\/#breadcrumb"},"inLanguage":"de","potentialAction":[{"@type":"ReadAction","target":["https:\/\/www.ote.de\/de\/impressum\/"]}]},{"@type":"BreadcrumbList","@id":"https:\/\/www.ote.de\/de\/impressum\/#breadcrumb","itemListElement":[{"@type":"ListItem","position":1,"name":"Startseite","item":"https:\/\/www.ote.de\/de\/"},{"@type":"ListItem","position":2,"name":"Impressum"}]},{"@type":"WebSite","@id":"https:\/\/www.ote.de\/de\/#website","url":"https:\/\/www.ote.de\/de\/","name":"OTE","description":"","publisher":{"@id":"https:\/\/www.ote.de\/de\/#organization"},"potentialAction":[{"@type":"SearchAction","target":{"@type":"EntryPoint","urlTemplate":"https:\/\/www.ote.de\/de\/?s={search_term_string}"},"query-input":{"@type":"PropertyValueSpecification","valueRequired":true,"valueName":"search_term_string"}}],"inLanguage":"de"},{"@type":"Organization","@id":"https:\/\/www.ote.de\/de\/#organization","name":"OTE","url":"https:\/\/www.ote.de\/de\/","logo":{"@type":"ImageObject","inLanguage":"de","@id":"https:\/\/www.ote.de\/de\/#\/schema\/logo\/image\/","url":"https:\/\/www.ote.de\/wp-content\/uploads\/2025\/08\/Logo-1.svg","contentUrl":"https:\/\/www.ote.de\/wp-content\/uploads\/2025\/08\/Logo-1.svg","width":2086,"height":595,"caption":"OTE"},"image":{"@id":"https:\/\/www.ote.de\/de\/#\/schema\/logo\/image\/"}}]}},"_links":{"self":[{"href":"https:\/\/www.ote.de\/de\/wp-json\/wp\/v2\/pages\/18","targetHints":{"allow":["GET"]}}],"collection":[{"href":"https:\/\/www.ote.de\/de\/wp-json\/wp\/v2\/pages"}],"about":[{"href":"https:\/\/www.ote.de\/de\/wp-json\/wp\/v2\/types\/page"}],"author":[{"embeddable":true,"href":"https:\/\/www.ote.de\/de\/wp-json\/wp\/v2\/users\/1"}],"replies":[{"embeddable":true,"href":"https:\/\/www.ote.de\/de\/wp-json\/wp\/v2\/comments?post=18"}],"version-history":[{"count":2,"href":"https:\/\/www.ote.de\/de\/wp-json\/wp\/v2\/pages\/18\/revisions"}],"predecessor-version":[{"id":2998,"href":"https:\/\/www.ote.de\/de\/wp-json\/wp\/v2\/pages\/18\/revisions\/2998"}],"wp:attachment":[{"href":"https:\/\/www.ote.de\/de\/wp-json\/wp\/v2\/media?parent=18"}],"curies":[{"name":"wp","href":"https:\/\/api.w.org\/{rel}","templated":true}]}}